{"id":8962,"date":"2024-09-13T10:24:48","date_gmt":"2024-09-13T10:24:48","guid":{"rendered":"https:\/\/new.tesei.ee\/registreeru\/"},"modified":"2026-01-03T21:50:40","modified_gmt":"2026-01-03T21:50:40","slug":"registraciya","status":"publish","type":"page","link":"https:\/\/tesei.ee\/ru\/registraciya\/","title":{"rendered":"\u0420\u0435\u0433\u0438\u0441\u0442\u0440\u0430\u0446\u0438\u044f"},"content":{"rendered":"<section class=\"l-section wpb_row height_large\"><div class=\"l-section-h i-cf\"><div class=\"g-cols vc_row via_grid cols_1 laptops-cols_inherit tablets-cols_inherit mobiles-cols_1 valign_top type_default stacking_default\"><div class=\"wpb_column vc_column_container\"><div class=\"vc_column-inner\">[vc_custom_heading text=&#187;Registreerimisleht&#187; font_container=&#187;tag:h1|text_align:center&#187; use_theme_fonts=&#187;yes&#187; css=&#187;%7B%22default%22%3A%7B%22color%22%3A%22_content_secondary%22%7D%7D&#187;]<div class=\"w-separator size_small\"><\/div><form class=\"w-form  layout_ver for_cform us_form_1\" autocomplete=\"off\" action=\"https:\/\/tesei.ee\/ru\/wp-json\/wp\/v2\/pages\/8962\" method=\"post\"><div class=\"w-form-h\"><div class=\"w-form-row for_text has_label required cols_3\">\n\t\t\t<div class=\"w-form-row-label\">\n\t\t\t<span>Lapse nimi ja perekonnanimi *<\/span>\n\t\t<\/div>\n\t\t<div class=\"w-form-row-field\">\n\t\t\t\t\t\t<input aria-label=\"Lapse nimi ja perekonnanimi\" type=\"text\" name=\"us_form_1_text_1\" value placeholder data-required=\"true\" aria-required=\"true\"\/>\n\t\t\t<\/div>\n\t\t<div class=\"w-form-row-state\">\u0417\u0430\u043f\u043e\u043b\u043d\u0438\u0442\u0435 \u043f\u043e\u043b\u0435<\/div>\n<\/div>\n<div class=\"w-form-row for_text has_label required cols_3\">\n\t\t\t<div class=\"w-form-row-label\">\n\t\t\t<span>Lapse vanus *<\/span>\n\t\t<\/div>\n\t\t<div class=\"w-form-row-field\">\n\t\t\t\t\t\t<input aria-label=\"Lapse vanus\" inputmode=\"numeric\" type=\"text\" name=\"us_form_1_text_2\" value placeholder data-required=\"true\" aria-required=\"true\"\/>\n\t\t\t<\/div>\n\t\t<div class=\"w-form-row-state\">\u0417\u0430\u043f\u043e\u043b\u043d\u0438\u0442\u0435 \u043f\u043e\u043b\u0435<\/div>\n<\/div>\n<div class=\"w-form-row for_text has_label required cols_3\">\n\t\t\t<div class=\"w-form-row-label\">\n\t\t\t<span>Lapse isikukood *<\/span>\n\t\t<\/div>\n\t\t<div class=\"w-form-row-field\">\n\t\t\t\t\t\t<input aria-label=\"Lapse isikukood\" type=\"text\" name=\"us_form_1_text_3\" value placeholder data-required=\"true\" aria-required=\"true\"\/>\n\t\t\t<\/div>\n\t\t<div class=\"w-form-row-state\">\u0417\u0430\u043f\u043e\u043b\u043d\u0438\u0442\u0435 \u043f\u043e\u043b\u0435<\/div>\n<\/div>\n<div class=\"w-form-row for_select has_label\">\n\t\t\t<div class=\"w-form-row-label\">\n\t\t\t<span>Grupp<\/span>\n\t\t<\/div>\n\t\t<div class=\"w-form-row-field\">\n\t\t\t\t\t\t<select aria-label=\"Grupp\" name=\"us_form_1_select_1\">\n\t\t\t<option value=\"TPG-Tallinna Pae G\u00fcmnaasium\">TPG-Tallinna Pae G\u00fcmnaasium<\/option><option value=\"TPG, UUS GRUPP (alates septembrist 2025). Teisip\u00e4ev ja neljap\u00e4ev 17:30-18:30 (7-8 aastased, algajad)\">TPG, UUS GRUPP (alates septembrist 2025). Teisip\u00e4ev ja neljap\u00e4ev 17:30-18:30 (7-8 aastased, algajad)<\/option><option value=\"TPG, esmasp\u00e4ev ja kolmap\u00e4ev 17:30-18:30, reede 15:15-16:15 (8-10 aastased)\">TPG, esmasp\u00e4ev ja kolmap\u00e4ev 17:30-18:30, reede 15:15-16:15 (8-10 aastased)<\/option><option value=\"TPG, teisip\u00e4ev ja neljap\u00e4ev 18:30-19:45, reede 18:00-19:15 (10-13 aastased)\">TPG, teisip\u00e4ev ja neljap\u00e4ev 18:30-19:45, reede 18:00-19:15 (10-13 aastased)<\/option><option value=\"Suur-Pae lasteaed, teisip\u00e4ev ja reede 16:30-17:15 (3-7 aastased lapsed)\">Suur-Pae lasteaed, teisip\u00e4ev ja reede 16:30-17:15 (3-7 aastased lapsed)<\/option><option value=\"Kivila lasteaed, teisip\u00e4ev ja neljap\u00e4ev 15:15-16:00 (3-7 aastased lapsed)\">Kivila lasteaed, teisip\u00e4ev ja neljap\u00e4ev 15:15-16:00 (3-7 aastased lapsed)<\/option><option value=\"Taime lasteaed, teisip\u00e4ev ja neljap\u00e4ev 16:00-16:30 (3-7 aastased lapsed)\">Taime lasteaed, teisip\u00e4ev ja neljap\u00e4ev 16:00-16:30 (3-7 aastased lapsed)<\/option><option value=\"Raadiku lasteaed, esmasp\u00e4ev ja kolmap\u00e4ev 15:30-16:00 (3-7 aastased lapsed)\">Raadiku lasteaed, esmasp\u00e4ev ja kolmap\u00e4ev 15:30-16:00 (3-7 aastased lapsed)<\/option><option value=\"Kivimurru lasteaed, kolmap\u00e4ev ja neljap\u00e4ev 16:15-16:45 (3-7 aastased lapsed)\">Kivimurru lasteaed, kolmap\u00e4ev ja neljap\u00e4ev 16:15-16:45 (3-7 aastased lapsed)<\/option><option value=\"Pallasti lasteaed, esmasp\u00e4ev 16:30-17:00 ja kolmap\u00e4ev 16:15-16:45\">Pallasti lasteaed, esmasp\u00e4ev 16:30-17:00 ja kolmap\u00e4ev 16:15-16:45<\/option>\t\t<\/select>\n\t\t\t<\/div>\n\t\t<div class=\"w-form-row-state\">\u0412\u044b\u0431\u0435\u0440\u0438\u0442\u0435 \u0437\u043d\u0430\u0447\u0435\u043d\u0438\u0435<\/div>\n<\/div>\n<div class=\"w-form-row for_text has_label cols_2\">\n\t\t\t<div class=\"w-form-row-label\">\n\t\t\t<span>Lapse r\u00fchma nimetus (kui on lasteaed)<\/span>\n\t\t<\/div>\n\t\t<div class=\"w-form-row-field\">\n\t\t\t\t\t\t<input aria-label=\"Lapse r\u00fchma nimetus (kui on lasteaed)\" type=\"text\" name=\"us_form_1_text_4\" value placeholder\/>\n\t\t\t<\/div>\n\t\t<div class=\"w-form-row-state\">\u0417\u0430\u043f\u043e\u043b\u043d\u0438\u0442\u0435 \u043f\u043e\u043b\u0435<\/div>\n<\/div>\n<div class=\"w-form-row for_text has_label required cols_2\">\n\t\t\t<div class=\"w-form-row-label\">\n\t\t\t<span>Lapsevanema nimi ja perekonnanimi *<\/span>\n\t\t<\/div>\n\t\t<div class=\"w-form-row-field\">\n\t\t\t\t\t\t<input aria-label=\"Lapsevanema nimi ja perekonnanimi\" type=\"text\" name=\"us_form_1_text_5\" value placeholder data-required=\"true\" aria-required=\"true\"\/>\n\t\t\t<\/div>\n\t\t<div class=\"w-form-row-state\">\u0417\u0430\u043f\u043e\u043b\u043d\u0438\u0442\u0435 \u043f\u043e\u043b\u0435<\/div>\n<\/div>\n<div class=\"w-form-row for_email has_label required cols_2\">\n\t\t\t<div class=\"w-form-row-label\">\n\t\t\t<span>Lapsevanema e-mail *<\/span>\n\t\t<\/div>\n\t\t<div class=\"w-form-row-field\">\n\t\t\t\t\t\t<input aria-label=\"Lapsevanema e-mail\" type=\"email\" name=\"us_form_1_email_1\" value placeholder data-required=\"true\" aria-required=\"true\"\/>\n\t\t\t<\/div>\n\t\t<div class=\"w-form-row-state\">\u041f\u043e\u0436\u0430\u043b\u0443\u0439\u0441\u0442\u0430, \u0432\u0432\u0435\u0434\u0438\u0442\u0435 \u043a\u043e\u0440\u0440\u0435\u043a\u0442\u043d\u044b\u0439 \u0430\u0434\u0440\u0435\u0441 email.<\/div>\n<\/div>\n<div class=\"w-form-row for_text has_label required cols_2\">\n\t\t\t<div class=\"w-form-row-label\">\n\t\t\t<span>Lapsevanema telefoninumber *<\/span>\n\t\t<\/div>\n\t\t<div class=\"w-form-row-field\">\n\t\t\t\t\t\t<input aria-label=\"Lapsevanema telefoninumber\" inputmode=\"tel\" type=\"text\" name=\"us_form_1_text_6\" value placeholder data-required=\"true\" aria-required=\"true\"\/>\n\t\t\t<\/div>\n\t\t<div class=\"w-form-row-state\">\u0417\u0430\u043f\u043e\u043b\u043d\u0438\u0442\u0435 \u043f\u043e\u043b\u0435<\/div>\n<\/div>\n<div class=\"w-form-row for_textarea has_label\">\n\t\t\t<div class=\"w-form-row-label\">\n\t\t\t<span>Kommentaarid<\/span>\n\t\t<\/div>\n\t\t<div class=\"w-form-row-field\">\n\t\t\t\t\t\t<textarea aria-label=\"Kommentaarid\" name=\"us_form_1_textarea_1\" placeholder><\/textarea>\n\t\t\t<\/div>\n\t\t<div class=\"w-form-row-state\">\u0417\u0430\u043f\u043e\u043b\u043d\u0438\u0442\u0435 \u043f\u043e\u043b\u0435<\/div>\n<\/div>\n<input type=\"hidden\" name=\"action\" value=\"us_ajax_cform\" \/>\n<input type=\"hidden\" name=\"post_id\" value=\"0\" \/>\n<input type=\"hidden\" name=\"form_index\" value=\"1\" \/>\n<div class=\"w-form-row for_submit align_right\">\n\t<button class=\"w-btn  us-btn-style_1\" aria-label=\"Saada\" type=\"submit\">\n\t\t<span class=\"g-preloader type_1\"><\/span>\n\t\t\t\t<span class=\"w-btn-label\">Saada<\/span>\n\t\t\t<\/button>\n\t<\/div>\n<\/div><div class=\"w-form-message\"><\/div><div class=\"w-form-json hidden\" onclick='return {&quot;ajaxurl&quot;:&quot;https:\\\/\\\/tesei.ee\\\/wp-admin\\\/admin-ajax.php&quot;,&quot;messages&quot;:{&quot;err_empty&quot;:&quot;\\u0417\\u0430\\u043f\\u043e\\u043b\\u043d\\u0438\\u0442\\u0435 \\u043f\\u043e\\u043b\\u0435&quot;,&quot;err_size&quot;:&quot;\\u0420\\u0430\\u0437\\u043c\\u0435\\u0440 \\u0444\\u0430\\u0439\\u043b\\u0430 \\u043d\\u0435 \\u043c\\u043e\\u0436\\u0435\\u0442 \\u043f\\u0440\\u0435\\u0432\\u044b\\u0448\\u0430\\u0442\\u044c %s \\u041c\\u0411&quot;,&quot;err_extension&quot;:&quot;%s \\u043d\\u0435\\u0434\\u043e\\u043f\\u0443\\u0441\\u0442\\u0438\\u043c\\u044b\\u0439 \\u0442\\u0438\\u043f \\u0444\\u0430\\u0439\\u043b\\u0430&quot;}}'><\/div><\/form><\/div><\/div><\/div><\/div><\/section>\n","protected":false},"excerpt":{"rendered":"[vc_custom_heading text=\"Registreerimisleht\" font_container=\"tag:h1|text_align:center\" use_theme_fonts=\"yes\" css=\"%7B%22default%22%3A%7B%22color%22%3A%22_content_secondary%22%7D%7D\"] Lapse nimi ja perekonnanimi * \u0417\u0430\u043f\u043e\u043b\u043d\u0438\u0442\u0435 \u043f\u043e\u043b\u0435 Lapse vanus * \u0417\u0430\u043f\u043e\u043b\u043d\u0438\u0442\u0435 \u043f\u043e\u043b\u0435 Lapse isikukood * \u0417\u0430\u043f\u043e\u043b\u043d\u0438\u0442\u0435 \u043f\u043e\u043b\u0435 Grupp TPG-Tallinna Pae G\u00fcmnaasiumTPG, UUS GRUPP (alates septembrist 2025). Teisip\u00e4ev ja neljap\u00e4ev 17:30-18:30 (7-8 aastased, algajad)TPG, esmasp\u00e4ev ja kolmap\u00e4ev 17:30-18:30, reede 15:15-16:15 (8-10 aastased)TPG, teisip\u00e4ev ja neljap\u00e4ev 18:30-19:45, reede 18:00-19:15 (10-13 aastased)Suur-Pae lasteaed,...","protected":false},"author":1,"featured_media":0,"parent":0,"menu_order":0,"comment_status":"closed","ping_status":"closed","template":"","meta":{"footnotes":""},"class_list":["post-8962","page","type-page","status-publish","hentry"],"yoast_head":"<!-- This site is optimized with the Yoast SEO plugin v25.6 - https:\/\/yoast.com\/wordpress\/plugins\/seo\/ -->\n<title>\u0420\u0435\u0433\u0438\u0441\u0442\u0440\u0430\u0446\u0438\u044f - \u0421\u043f\u043e\u0440\u0442\u0438\u0432\u043d\u044b\u0439 \u043a\u043b\u0443\u0431 Tesei<\/title>\n<meta name=\"robots\" content=\"index, follow, max-snippet:-1, max-image-preview:large, max-video-preview:-1\" \/>\n<link rel=\"canonical\" href=\"https:\/\/tesei.ee\/registreeru\/\" \/>\n<meta property=\"og:locale\" content=\"ru_RU\" \/>\n<meta property=\"og:type\" content=\"article\" \/>\n<meta property=\"og:title\" content=\"\u0420\u0435\u0433\u0438\u0441\u0442\u0440\u0430\u0446\u0438\u044f - \u0421\u043f\u043e\u0440\u0442\u0438\u0432\u043d\u044b\u0439 \u043a\u043b\u0443\u0431 Tesei\" \/>\n<meta property=\"og:url\" content=\"https:\/\/tesei.ee\/registreeru\/\" \/>\n<meta property=\"og:site_name\" content=\"\u0421\u043f\u043e\u0440\u0442\u0438\u0432\u043d\u044b\u0439 \u043a\u043b\u0443\u0431 Tesei\" \/>\n<meta property=\"article:publisher\" content=\"https:\/\/www.facebook.com\/teseisport\" \/>\n<meta property=\"article:modified_time\" content=\"2026-01-03T21:50:40+00:00\" \/>\n<meta property=\"og:image\" content=\"https:\/\/tesei.ee\/wp-content\/uploads\/2024\/09\/Tesei.png\" \/>\n\t<meta property=\"og:image:width\" content=\"1280\" \/>\n\t<meta property=\"og:image:height\" content=\"1280\" \/>\n\t<meta property=\"og:image:type\" content=\"image\/png\" \/>\n<meta name=\"twitter:card\" content=\"summary_large_image\" \/>\n<meta name=\"twitter:label1\" content=\"\u041f\u0440\u0438\u043c\u0435\u0440\u043d\u043e\u0435 \u0432\u0440\u0435\u043c\u044f \u0434\u043b\u044f \u0447\u0442\u0435\u043d\u0438\u044f\" \/>\n\t<meta name=\"twitter:data1\" content=\"4 \u043c\u0438\u043d\u0443\u0442\u044b\" \/>\n<script type=\"application\/ld+json\" class=\"yoast-schema-graph\">{\"@context\":\"https:\/\/schema.org\",\"@graph\":[{\"@type\":\"WebPage\",\"@id\":\"https:\/\/tesei.ee\/registreeru\/\",\"url\":\"https:\/\/tesei.ee\/registreeru\/\",\"name\":\"\u0420\u0435\u0433\u0438\u0441\u0442\u0440\u0430\u0446\u0438\u044f - \u0421\u043f\u043e\u0440\u0442\u0438\u0432\u043d\u044b\u0439 \u043a\u043b\u0443\u0431 Tesei\",\"isPartOf\":{\"@id\":\"https:\/\/tesei.ee\/ru\/#website\"},\"datePublished\":\"2024-09-13T10:24:48+00:00\",\"dateModified\":\"2026-01-03T21:50:40+00:00\",\"breadcrumb\":{\"@id\":\"https:\/\/tesei.ee\/registreeru\/#breadcrumb\"},\"inLanguage\":\"ru-RU\",\"potentialAction\":[{\"@type\":\"ReadAction\",\"target\":[\"https:\/\/tesei.ee\/registreeru\/\"]}]},{\"@type\":\"BreadcrumbList\",\"@id\":\"https:\/\/tesei.ee\/registreeru\/#breadcrumb\",\"itemListElement\":[{\"@type\":\"ListItem\",\"position\":1,\"name\":\"Home\",\"item\":\"https:\/\/tesei.ee\/ru\/\"},{\"@type\":\"ListItem\",\"position\":2,\"name\":\"\u0420\u0435\u0433\u0438\u0441\u0442\u0440\u0430\u0446\u0438\u044f\"}]},{\"@type\":\"WebSite\",\"@id\":\"https:\/\/tesei.ee\/ru\/#website\",\"url\":\"https:\/\/tesei.ee\/ru\/\",\"name\":\"Spordiklubi Tesei\",\"description\":\"\",\"publisher\":{\"@id\":\"https:\/\/tesei.ee\/ru\/#organization\"},\"potentialAction\":[{\"@type\":\"SearchAction\",\"target\":{\"@type\":\"EntryPoint\",\"urlTemplate\":\"https:\/\/tesei.ee\/ru\/?s={search_term_string}\"},\"query-input\":{\"@type\":\"PropertyValueSpecification\",\"valueRequired\":true,\"valueName\":\"search_term_string\"}}],\"inLanguage\":\"ru-RU\"},{\"@type\":\"Organization\",\"@id\":\"https:\/\/tesei.ee\/ru\/#organization\",\"name\":\"Spordiklubi Tesei\",\"url\":\"https:\/\/tesei.ee\/ru\/\",\"logo\":{\"@type\":\"ImageObject\",\"inLanguage\":\"ru-RU\",\"@id\":\"https:\/\/tesei.ee\/ru\/#\/schema\/logo\/image\/\",\"url\":\"https:\/\/tesei.ee\/wp-content\/uploads\/2024\/09\/Tesei.png\",\"contentUrl\":\"https:\/\/tesei.ee\/wp-content\/uploads\/2024\/09\/Tesei.png\",\"width\":1280,\"height\":1280,\"caption\":\"Spordiklubi Tesei\"},\"image\":{\"@id\":\"https:\/\/tesei.ee\/ru\/#\/schema\/logo\/image\/\"},\"sameAs\":[\"https:\/\/www.facebook.com\/teseisport\",\"https:\/\/www.instagram.com\/spordiklubi_tesei\/\"]}]}<\/script>\n<!-- \/ Yoast SEO plugin. -->","yoast_head_json":{"title":"\u0420\u0435\u0433\u0438\u0441\u0442\u0440\u0430\u0446\u0438\u044f - \u0421\u043f\u043e\u0440\u0442\u0438\u0432\u043d\u044b\u0439 \u043a\u043b\u0443\u0431 Tesei","robots":{"index":"index","follow":"follow","max-snippet":"max-snippet:-1","max-image-preview":"max-image-preview:large","max-video-preview":"max-video-preview:-1"},"canonical":"https:\/\/tesei.ee\/registreeru\/","og_locale":"ru_RU","og_type":"article","og_title":"\u0420\u0435\u0433\u0438\u0441\u0442\u0440\u0430\u0446\u0438\u044f - \u0421\u043f\u043e\u0440\u0442\u0438\u0432\u043d\u044b\u0439 \u043a\u043b\u0443\u0431 Tesei","og_url":"https:\/\/tesei.ee\/registreeru\/","og_site_name":"\u0421\u043f\u043e\u0440\u0442\u0438\u0432\u043d\u044b\u0439 \u043a\u043b\u0443\u0431 Tesei","article_publisher":"https:\/\/www.facebook.com\/teseisport","article_modified_time":"2026-01-03T21:50:40+00:00","og_image":[{"width":1280,"height":1280,"url":"https:\/\/tesei.ee\/wp-content\/uploads\/2024\/09\/Tesei.png","type":"image\/png"}],"twitter_card":"summary_large_image","twitter_misc":{"\u041f\u0440\u0438\u043c\u0435\u0440\u043d\u043e\u0435 \u0432\u0440\u0435\u043c\u044f \u0434\u043b\u044f \u0447\u0442\u0435\u043d\u0438\u044f":"4 \u043c\u0438\u043d\u0443\u0442\u044b"},"schema":{"@context":"https:\/\/schema.org","@graph":[{"@type":"WebPage","@id":"https:\/\/tesei.ee\/registreeru\/","url":"https:\/\/tesei.ee\/registreeru\/","name":"\u0420\u0435\u0433\u0438\u0441\u0442\u0440\u0430\u0446\u0438\u044f - \u0421\u043f\u043e\u0440\u0442\u0438\u0432\u043d\u044b\u0439 \u043a\u043b\u0443\u0431 Tesei","isPartOf":{"@id":"https:\/\/tesei.ee\/ru\/#website"},"datePublished":"2024-09-13T10:24:48+00:00","dateModified":"2026-01-03T21:50:40+00:00","breadcrumb":{"@id":"https:\/\/tesei.ee\/registreeru\/#breadcrumb"},"inLanguage":"ru-RU","potentialAction":[{"@type":"ReadAction","target":["https:\/\/tesei.ee\/registreeru\/"]}]},{"@type":"BreadcrumbList","@id":"https:\/\/tesei.ee\/registreeru\/#breadcrumb","itemListElement":[{"@type":"ListItem","position":1,"name":"Home","item":"https:\/\/tesei.ee\/ru\/"},{"@type":"ListItem","position":2,"name":"\u0420\u0435\u0433\u0438\u0441\u0442\u0440\u0430\u0446\u0438\u044f"}]},{"@type":"WebSite","@id":"https:\/\/tesei.ee\/ru\/#website","url":"https:\/\/tesei.ee\/ru\/","name":"Spordiklubi Tesei","description":"","publisher":{"@id":"https:\/\/tesei.ee\/ru\/#organization"},"potentialAction":[{"@type":"SearchAction","target":{"@type":"EntryPoint","urlTemplate":"https:\/\/tesei.ee\/ru\/?s={search_term_string}"},"query-input":{"@type":"PropertyValueSpecification","valueRequired":true,"valueName":"search_term_string"}}],"inLanguage":"ru-RU"},{"@type":"Organization","@id":"https:\/\/tesei.ee\/ru\/#organization","name":"Spordiklubi Tesei","url":"https:\/\/tesei.ee\/ru\/","logo":{"@type":"ImageObject","inLanguage":"ru-RU","@id":"https:\/\/tesei.ee\/ru\/#\/schema\/logo\/image\/","url":"https:\/\/tesei.ee\/wp-content\/uploads\/2024\/09\/Tesei.png","contentUrl":"https:\/\/tesei.ee\/wp-content\/uploads\/2024\/09\/Tesei.png","width":1280,"height":1280,"caption":"Spordiklubi Tesei"},"image":{"@id":"https:\/\/tesei.ee\/ru\/#\/schema\/logo\/image\/"},"sameAs":["https:\/\/www.facebook.com\/teseisport","https:\/\/www.instagram.com\/spordiklubi_tesei\/"]}]}},"_links":{"self":[{"href":"https:\/\/tesei.ee\/ru\/wp-json\/wp\/v2\/pages\/8962","targetHints":{"allow":["GET"]}}],"collection":[{"href":"https:\/\/tesei.ee\/ru\/wp-json\/wp\/v2\/pages"}],"about":[{"href":"https:\/\/tesei.ee\/ru\/wp-json\/wp\/v2\/types\/page"}],"author":[{"embeddable":true,"href":"https:\/\/tesei.ee\/ru\/wp-json\/wp\/v2\/users\/1"}],"replies":[{"embeddable":true,"href":"https:\/\/tesei.ee\/ru\/wp-json\/wp\/v2\/comments?post=8962"}],"version-history":[{"count":11,"href":"https:\/\/tesei.ee\/ru\/wp-json\/wp\/v2\/pages\/8962\/revisions"}],"predecessor-version":[{"id":9197,"href":"https:\/\/tesei.ee\/ru\/wp-json\/wp\/v2\/pages\/8962\/revisions\/9197"}],"wp:attachment":[{"href":"https:\/\/tesei.ee\/ru\/wp-json\/wp\/v2\/media?parent=8962"}],"curies":[{"name":"wp","href":"https:\/\/api.w.org\/{rel}","templated":true}]}}